{"id":14,"date":"2017-07-09T16:04:06","date_gmt":"2017-07-09T21:04:06","guid":{"rendered":"http:\/\/getadmitted.us\/esp\/?page_id=14"},"modified":"2023-10-06T08:51:24","modified_gmt":"2023-10-06T13:51:24","slug":"padres","status":"publish","type":"page","link":"https:\/\/getadmitted.us\/esp\/padres\/","title":{"rendered":"Padres"},"content":{"rendered":"<h3>Deseando Lo Mejor Para Su Estudiante<\/h3>\n<p><strong>GET ADMITTED\u00ae <\/strong>entiende que como padres, ustedes quieren lo mejor para sus hijos, y parte de ello es el lograr que reciban la mejor educaci\u00f3n posible. Sin embargo, ayudarlos cuando desean asistir a una Universidad o Instituto en los Estados Unidos es una de las decisiones y uno de los retos m\u00e1s interesantes y dif\u00edciles que cualquier familia puede enfrentar. Es tambi\u00e9n la decisi\u00f3n m\u00e1s importante que impactar\u00e1 directamente el futuro de sus hijos \u2013 probablemente m\u00e1s que cualquier otra que ustedes pudieran tomar.<\/p>\n<p>Obtener una educaci\u00f3n universitaria es una inversi\u00f3n que les pagar\u00e1 dividendos por el resto de sus vidas: las personas que reciben una educaci\u00f3n en una Universidad o Instituto en los Estados Unidos tienen la oportunidad de obtener mejores trabajos y oportunidades de carreras profesionales, ganar m\u00e1s dinero y desarrollar mayores habilidades y conocimientos que nunca nadie les podr\u00e1 quitar.<\/p>\n<p>Ustedes quieren que ellos logren el \u00e9xito acad\u00e9mico y personal. Aplicar a una Universidad o Instituto en los Estados Unidos es algo muy interesante, pero a la vez representa un reto. Tambi\u00e9n puede ser extremadamente frustrante. La clave para una Admisi\u00f3n exitosa requiere de una planificaci\u00f3n cuidadosa y de la ejecuci\u00f3n oportuna de todos los procedimientos de Aplicaci\u00f3n y Admisi\u00f3n requeridos.<\/p>\n<h3>Universidades E Institutos M\u00e1s Selectivos<\/h3>\n<p>La mayor\u00eda de las Universidades e Institutos en los Estados Unidos han continuado siendo m\u00e1s selectivos que hace 2 o 3 a\u00f1os atr\u00e1s. Estas universidades est\u00e1n recibiendo un gran n\u00famero de solicitudes de aplicaci\u00f3n de estudiantes dom\u00e9sticos e internacionales, y los expertos han pronosticado que ese n\u00famero de aplicaciones continuar\u00e1 aumentando mucho m\u00e1s r\u00e1pido que el n\u00famero de espacios disponibles. El resultado final para los estudiantes internacionales y sus padres es mayor presi\u00f3n y frustraci\u00f3n en el proceso de aplicaci\u00f3n que nunca antes.<\/p>\n<p>Nuestra asesor\u00eda de admisi\u00f3n profesional y privada le ayudar\u00e1 a usted y a su estudiante a navegar con \u00e9xito el estresante, complicado y cada vez m\u00e1s competitivo proceso de Aplicaci\u00f3n y Admisi\u00f3n a Universidades e Institutos de los Estados Unidos. Todo nuestro trabajo es mantenido estrictamente confidencial.<\/p>\n<h3>Desarrollo De Un Plan Estrat\u00e9gico De Admisi\u00f3n<\/h3>\n<p>El desarrollo de una Estrategia de Aplicaci\u00f3n y Admisi\u00f3n, as\u00ed como del Planeamiento Educativo adecuado para ser admitido en una Universidad o Instituto en los Estados Unidos, le proporciona a su hijo\/hija la mejor oportunidad que puede tener de alcanzar su m\u00e1ximo potencial, descubrir sus intereses, seleccionar la carrera que quiere seguir y tener el conocimiento para prepararse apropiadamente para ello. Una de nuestras metas es hacer que los padres se sientan c\u00f3modos contact\u00e1ndonos para conversar sobre sus hijos, y determinar sus necesidades y el mejor plan de acci\u00f3n para hacer que sean admitidos en una Universidad o Instituto en los Estados Unidos.<\/p>\n<p>Trabajamos directamente, uno-a-uno, con usted y su estudiante basados en sus necesidades individuales, recursos y requerimientos para identificar, desarrollar e implementar una Estrategia de Aplicaci\u00f3n, Admisi\u00f3n y Planeamiento Educativo Individualizada y Personalizada, sobre Universidades e Institutos de los Estados Unidos \u00a1para as\u00ed aumentar sus oportunidades de ser admitido en la universidad o instituto de su selecci\u00f3n!<\/p>\n<h3>Ingl\u00e9s o Espa\u00f1ol<\/h3>\n<p>Los profesionales de <strong>GET ADMITTED\u00ae <\/strong>pueden hablar y trabajar con nuestros clientes tanto en espa\u00f1ol como en ingl\u00e9s durante el proceso de Aplicaci\u00f3n y Admisi\u00f3n. Esta habilidad ayuda enormemente a los padres a entender mejor este proceso y as\u00ed poder brindar una ayuda m\u00e1s efectiva a sus hijos. Nosotros tambi\u00e9n entendemos que los padres de los Estudiantes Internacionales que aspiran ser admitidos en una Universidad o Instituto en los Estados Unidos pueden no hablar ingl\u00e9s con fluidez.<\/p>\n<p>Creemos que es muy importante que tanto los padres como los estudiantes comprendan la complejidad y significancia del proceso de Aplicaci\u00f3n y Admisi\u00f3n que debe seguirse para lograr que sus hijos sean admitidos en la Universidad o Instituto de EE.UU. de su selecci\u00f3n.<\/p>\n<p><strong>GET ADMITTED\u00ae <\/strong>hace de todo este proceso un esfuerzo familiar, ofreciendo una detallada explicaci\u00f3n sobre el complejo sistema de educaci\u00f3n superior de los Estados Unidos a todos aquellos que est\u00e1n directamente relacionados con la Aplicaci\u00f3n, Admisi\u00f3n o Planeamiento Educativo del Estudiante Internacional. Promovemos una participaci\u00f3n activa y, gracias a nuestros a\u00f1os de experiencia en el \u00e1rea de Aplicaci\u00f3n y Admisi\u00f3n a Universidades e Institutos en los Estados Unidos, sabemos que esto ofrece un alto nivel de confianza y sentido de seguridad tanto a los estudiantes como a sus padres.<\/p>\n<p>Por favor no duden en contactarnos por email al: info@getadmitted.us o llamarnos al: <strong>+ 1 (612) 532-4438<\/strong>. Con gusto podremos conversar con ustedes (en <strong>ingl\u00e9s o en espa\u00f1ol<\/strong>) sobre c\u00f3mo podemos ayudarlos a aumentar significativamente las oportunidades de sus hijos de admisi\u00f3n en una Universidad o Instituto en los Estados Unidos.<\/p>\n","protected":false},"excerpt":{"rendered":"<p>Deseando Lo Mejor Para Su Estudiante GET ADMITTED\u00ae entiende que como padres, ustedes quieren lo mejor para sus hijos, y parte de ello es el lograr que reciban la mejor educaci\u00f3n posible. Sin embargo, ayudarlos cuando desean asistir a una Universidad o Instituto en los Estados Unidos es una de las decisiones y uno de &hellip; <a href=\"https:\/\/getadmitted.us\/esp\/padres\/\" class=\"more-link\">Continue reading <span class=\"screen-reader-text\">Padres<\/span><\/a><\/p>\n","protected":false},"author":1,"featured_media":172,"parent":0,"menu_order":0,"comment_status":"closed","ping_status":"closed","template":"","meta":{"footnotes":""},"acf":[],"_links":{"self":[{"href":"https:\/\/getadmitted.us\/esp\/wp-json\/wp\/v2\/pages\/14"}],"collection":[{"href":"https:\/\/getadmitted.us\/esp\/wp-json\/wp\/v2\/pages"}],"about":[{"href":"https:\/\/getadmitted.us\/esp\/wp-json\/wp\/v2\/types\/page"}],"author":[{"embeddable":true,"href":"https:\/\/getadmitted.us\/esp\/wp-json\/wp\/v2\/users\/1"}],"replies":[{"embeddable":true,"href":"https:\/\/getadmitted.us\/esp\/wp-json\/wp\/v2\/comments?post=14"}],"version-history":[{"count":10,"href":"https:\/\/getadmitted.us\/esp\/wp-json\/wp\/v2\/pages\/14\/revisions"}],"predecessor-version":[{"id":246,"href":"https:\/\/getadmitted.us\/esp\/wp-json\/wp\/v2\/pages\/14\/revisions\/246"}],"wp:featuredmedia":[{"embeddable":true,"href":"https:\/\/getadmitted.us\/esp\/wp-json\/wp\/v2\/media\/172"}],"wp:attachment":[{"href":"https:\/\/getadmitted.us\/esp\/wp-json\/wp\/v2\/media?parent=14"}],"curies":[{"name":"wp","href":"https:\/\/api.w.org\/{rel}","templated":true}]}}