{"id":16,"date":"2017-06-09T16:08:36","date_gmt":"2017-06-09T21:08:36","guid":{"rendered":"http:\/\/getadmitted.us\/esp\/?page_id=16"},"modified":"2023-10-06T08:54:08","modified_gmt":"2023-10-06T13:54:08","slug":"por-que-usar-get-admitted","status":"publish","type":"page","link":"https:\/\/getadmitted.us\/esp\/por-que-usar-get-admitted\/","title":{"rendered":"Por Qu\u00e9 Usar Get Admitted"},"content":{"rendered":"<p><strong>GET ADMITTED\u00ae <\/strong>est\u00e1 dedicada a ayudar a Estudiantes Internacionales a seleccionar y lograr la Admisi\u00f3n en Universidades o Institutos en los Estados Unidos. Ayudamos a nuestros clientes a entender los procedimientos relacionados con la Aplicaci\u00f3n y Admisi\u00f3n a las Universidades e Institutos de ese pa\u00eds y al mismo tiempo les ayudamos a mantenerse enfocados, organizados, motivados y confiados a trav\u00e9s de todo el proceso de Aplicaci\u00f3n y Admisi\u00f3n como Estudiante Internacional.<\/p>\n<p>Los consejeros acad\u00e9micos de los colegios de secundarias de cada pa\u00eds pueden ofrecerte algo de ayuda, pero simplemente ellos no tienen ni el tiempo, ni la informaci\u00f3n detallada, o el nivel de experiencia de primera mano en admisiones de Universidades o Institutos de los Estados Unidos requerido para darte la ventaja que necesitas en el ambiente competitivo de Aplicaci\u00f3n y Admisi\u00f3n de ese pa\u00eds.<\/p>\n<p>La realidad es que la gran mayor\u00eda de los Estudiantes Internacionales, cuyo primer idioma no es el ingl\u00e9s y que aspiran ser admitidos en una Universidad o Instituci\u00f3n competitiva en los Estados Unidos, tienen una desventaja significativa cuando se comparan con sus hom\u00f3logos norteamericanos. Muchos de los Estudiantes Internacionales que desean aplicar a una Universidad o Instituto en los Estados Unidos pueden no hablar ingl\u00e9s todav\u00eda, o a\u00fan no haber desarrollado las habilidades y destrezas necesarias para comenzar a preparar una Aplicaci\u00f3n de Admisi\u00f3n s\u00f3lida, que los destaque entre su competencia ante un Comit\u00e9 de Admisi\u00f3n de Estudiantes Internacionales en una Universidad o Instituto en los Estados Unidos.<\/p>\n<p>T\u00edpicamente, la consecuencia directa de esta situaci\u00f3n se traduce en un retraso significativo en el comienzo del proceso de Aplicaci\u00f3n cost\u00e1ndole al estudiante y a su familia preciado tiempo, dinero, frustraci\u00f3n y estr\u00e9s. \u00a1Incluso para aquellos estudiantes que hablan ingl\u00e9s fluidamente, la dificultad de navegar exitosamente el extremado y competitivo proceso de Aplicaci\u00f3n y Admisi\u00f3n a una Universidad o Instituto en los Estados Unidos es igualmente abrumador!<\/p>\n<p>Los estudiantes norteamericanos cuentan con la gran ventaja de tener el ingl\u00e9s como primer idioma.  Esto les permite tener acceso a numerosos materiales e informaci\u00f3n en ingl\u00e9s sobre el proceso de Aplicaci\u00f3n y Admisi\u00f3n, incluyendo los siempre cambiantes requerimientos de aquellas Universidades e Institutos donde buscan hacer su Aplicaci\u00f3n. Los estudiantes norteamericanos saben exactamente que tan intensamente competitivo e importante es el hecho de que sus aplicaciones de Admisi\u00f3n maximicen sus talentos y fortalezas acad\u00e9micas.<\/p>\n<p>Los estudiantes que tienen m\u00e1s \u00e9xito al aplicar a las Universidades o Institutos de los Estados Unidos preparan y perfeccionan sus portafolios acad\u00e9micos y personales varios a\u00f1os antes de su graduaci\u00f3n de la secundaria. Ellos saben que estos portafolios constituyen las bases para construir una Aplicaci\u00f3n exitosa que les permitir\u00e1 lograr la Admisi\u00f3n en la Universidad o Instituto de su preferencia. Si combinamos esa preparaci\u00f3n anticipada con el continuo aumento del n\u00famero de estudiantes norteamericanos que est\u00e1n dispuestos a competir para obtener un cupo en las Universidades o Institutos en los Estados Unidos, vemos que las oportunidades que tiene el Estudiante Internacional de ser admitido en la Universidad o Instituto de su selecci\u00f3n se reducen a\u00fan m\u00e1s.<\/p>\n<p><strong>GET ADMITTED\u00ae <\/strong>crea un valor real para nuestros clientes, ofreciendo un Acreditado Servicio de Consultor\u00eda sobre Aplicaci\u00f3n y Admisi\u00f3n a Universidades e Institutos en los Estados Unidos individualizado, preciso y efectivo, \u00a1que produce resultados!<\/p>\n","protected":false},"excerpt":{"rendered":"<p>GET ADMITTED\u00ae est\u00e1 dedicada a ayudar a Estudiantes Internacionales a seleccionar y lograr la Admisi\u00f3n en Universidades o Institutos en los Estados Unidos. Ayudamos a nuestros clientes a entender los procedimientos relacionados con la Aplicaci\u00f3n y Admisi\u00f3n a las Universidades e Institutos de ese pa\u00eds y al mismo tiempo les ayudamos a mantenerse enfocados, organizados, &hellip; <a href=\"https:\/\/getadmitted.us\/esp\/por-que-usar-get-admitted\/\" class=\"more-link\">Continue reading <span class=\"screen-reader-text\">Por Qu\u00e9 Usar Get Admitted<\/span><\/a><\/p>\n","protected":false},"author":1,"featured_media":69,"parent":0,"menu_order":0,"comment_status":"closed","ping_status":"closed","template":"","meta":{"footnotes":""},"acf":[],"_links":{"self":[{"href":"https:\/\/getadmitted.us\/esp\/wp-json\/wp\/v2\/pages\/16"}],"collection":[{"href":"https:\/\/getadmitted.us\/esp\/wp-json\/wp\/v2\/pages"}],"about":[{"href":"https:\/\/getadmitted.us\/esp\/wp-json\/wp\/v2\/types\/page"}],"author":[{"embeddable":true,"href":"https:\/\/getadmitted.us\/esp\/wp-json\/wp\/v2\/users\/1"}],"replies":[{"embeddable":true,"href":"https:\/\/getadmitted.us\/esp\/wp-json\/wp\/v2\/comments?post=16"}],"version-history":[{"count":5,"href":"https:\/\/getadmitted.us\/esp\/wp-json\/wp\/v2\/pages\/16\/revisions"}],"predecessor-version":[{"id":250,"href":"https:\/\/getadmitted.us\/esp\/wp-json\/wp\/v2\/pages\/16\/revisions\/250"}],"wp:featuredmedia":[{"embeddable":true,"href":"https:\/\/getadmitted.us\/esp\/wp-json\/wp\/v2\/media\/69"}],"wp:attachment":[{"href":"https:\/\/getadmitted.us\/esp\/wp-json\/wp\/v2\/media?parent=16"}],"curies":[{"name":"wp","href":"https:\/\/api.w.org\/{rel}","templated":true}]}}