{"id":19,"date":"2017-09-09T16:10:00","date_gmt":"2017-09-09T21:10:00","guid":{"rendered":"http:\/\/getadmitted.us\/esp\/?page_id=19"},"modified":"2023-10-06T08:55:21","modified_gmt":"2023-10-06T13:55:21","slug":"ingles-o-espanol","status":"publish","type":"page","link":"https:\/\/getadmitted.us\/esp\/ingles-o-espanol\/","title":{"rendered":"Ingl\u00e9s o Espa\u00f1ol"},"content":{"rendered":"<p>El trabajo pr\u00e1ctico de Consultor\u00eda sobre Aplicaci\u00f3n y Admisi\u00f3n a las Universidades e Institutos de los Estados Unidos que realizan los profesionales de <strong>GET ADMITTED\u00ae <\/strong>te ayuda a nivelar el injusto terreno de juego al aumentar tus oportunidades de admisi\u00f3n a trav\u00e9s de nuestros servicios altamente individualizados de Aplicaci\u00f3n, Admisi\u00f3n y Planeamiento Educativo para Universidades e Institutos en los Estados Unidos (ofrecidos en ingl\u00e9s o en espa\u00f1ol). Somos la primera y \u00fanica compa\u00f1\u00eda Norteamericana de Admisi\u00f3n y Planeamiento Educativo, cuyo enfoque estrat\u00e9gico est\u00e1 centrado en Estudiantes Internacionales de Latinoam\u00e9rica y el Caribe.<\/p>\n<p><strong>GET ADMITTED\u00ae <\/strong>reduce sustancialmente no solamente la frustraci\u00f3n, sino tambi\u00e9n el costoso retraso que nuestros clientes usualmente est\u00e1n sujetos durante el proceso de Aplicaci\u00f3n y Admisi\u00f3n a Universidades o Institutos en los Estados Unidos.  Esto lo logramos gracias a que podemos trabajar individualmente con nuestros clientes en ingl\u00e9s o en espa\u00f1ol. La posibilidad de trabajar con materiales en ingl\u00e9s o en espa\u00f1ol ayuda a nuestros clientes a maximizar y acelerar sus procesos de preparaci\u00f3n de la Aplicaci\u00f3n y el Portafolio de Admisi\u00f3n a Universidades e Institutos en EE.UU., mientras \u00e9stos se dedican a mejorar las habilidades y destrezas que necesiten para dominar el idioma ingl\u00e9s. Si alg\u00fan cliente escoge la opci\u00f3n de trabajar directamente en ingl\u00e9s, el nivel profesional de la experiencia y los servicios que ofrecemos es completamente id\u00e9ntico. Somos la primera y \u00fanica compa\u00f1\u00eda Norteamericana de Consultor\u00eda sobre Aplicaci\u00f3n y Admisi\u00f3n a Universidades e Institutos en Estados Unidos caracterizada por atender y satisfacer muy en detalle las necesidades y requerimientos particulares de sus clientes.<\/p>\n<p><strong>GET ADMITTED\u00ae <\/strong>tambi\u00e9n entiende que los padres de los Estudiantes Internacionales que aspiran ser admitidos en una Universidad o Instituto en los Estados Unidos pueden no hablar ingl\u00e9s con fluidez. El hecho de tener profesionales capaces de hablar y trabajar con nuestros clientes tanto en espa\u00f1ol como en ingl\u00e9s durante el proceso de Aplicaci\u00f3n y Admisi\u00f3n, ayuda enormemente a los padres a entender mejor este proceso y as\u00ed poder brindar una ayuda m\u00e1s efectiva a sus hijos. Creemos que es muy importante que tanto los padres como sus hijos entiendan por igual la complejidad del proceso de Aplicaci\u00f3n y Admisi\u00f3n que debe seguirse para lograr que sus hijos sean admitidos en la Universidad o Instituto de EE.UU. de su selecci\u00f3n.<\/p>\n<p><strong>GET ADMITTED\u00ae <\/strong>hace de todo este proceso un esfuerzo familiar, ofreciendo una detallada explicaci\u00f3n sobre el complejo sistema de educaci\u00f3n superior de los Estados Unidos a todos aquellos que est\u00e1n directamente relacionados con la Aplicaci\u00f3n, Admisi\u00f3n o Planeamiento Educativo del Estudiante Internacional. Promovemos una participaci\u00f3n activa y, gracias a nuestros a\u00f1os de experiencia en el \u00e1rea de Aplicaci\u00f3n y Admisi\u00f3n a Universidades e Institutos en los Estados Unidos, sabemos que esto ofrece un alto nivel de confianza y sentido de seguridad tanto a los estudiantes como a sus padres.<\/p>\n","protected":false},"excerpt":{"rendered":"<p>El trabajo pr\u00e1ctico de Consultor\u00eda sobre Aplicaci\u00f3n y Admisi\u00f3n a las Universidades e Institutos de los Estados Unidos que realizan los profesionales de GET ADMITTED\u00ae te ayuda a nivelar el injusto terreno de juego al aumentar tus oportunidades de admisi\u00f3n a trav\u00e9s de nuestros servicios altamente individualizados de Aplicaci\u00f3n, Admisi\u00f3n y Planeamiento Educativo para Universidades &hellip; <a href=\"https:\/\/getadmitted.us\/esp\/ingles-o-espanol\/\" class=\"more-link\">Continue reading <span class=\"screen-reader-text\">Ingl\u00e9s o Espa\u00f1ol<\/span><\/a><\/p>\n","protected":false},"author":1,"featured_media":113,"parent":0,"menu_order":0,"comment_status":"closed","ping_status":"closed","template":"","meta":{"footnotes":""},"acf":[],"_links":{"self":[{"href":"https:\/\/getadmitted.us\/esp\/wp-json\/wp\/v2\/pages\/19"}],"collection":[{"href":"https:\/\/getadmitted.us\/esp\/wp-json\/wp\/v2\/pages"}],"about":[{"href":"https:\/\/getadmitted.us\/esp\/wp-json\/wp\/v2\/types\/page"}],"author":[{"embeddable":true,"href":"https:\/\/getadmitted.us\/esp\/wp-json\/wp\/v2\/users\/1"}],"replies":[{"embeddable":true,"href":"https:\/\/getadmitted.us\/esp\/wp-json\/wp\/v2\/comments?post=19"}],"version-history":[{"count":10,"href":"https:\/\/getadmitted.us\/esp\/wp-json\/wp\/v2\/pages\/19\/revisions"}],"predecessor-version":[{"id":251,"href":"https:\/\/getadmitted.us\/esp\/wp-json\/wp\/v2\/pages\/19\/revisions\/251"}],"wp:featuredmedia":[{"embeddable":true,"href":"https:\/\/getadmitted.us\/esp\/wp-json\/wp\/v2\/media\/113"}],"wp:attachment":[{"href":"https:\/\/getadmitted.us\/esp\/wp-json\/wp\/v2\/media?parent=19"}],"curies":[{"name":"wp","href":"https:\/\/api.w.org\/{rel}","templated":true}]}}