{"id":2,"date":"2026-05-03T16:27:23","date_gmt":"2026-05-03T16:27:23","guid":{"rendered":"https:\/\/getadmitted.us\/esp\/?page_id=2"},"modified":"2026-05-03T16:52:08","modified_gmt":"2026-05-03T16:52:08","slug":"sample-page","status":"publish","type":"page","link":"https:\/\/getadmitted.us\/esp\/","title":{"rendered":"Bienvenidos a Get Admitted\u00ae"},"content":{"rendered":"\r\n<p>Obtenga mayor informaci\u00f3n a continuaci\u00f3n sobre c\u00f3mo\u00a0<strong>GET ADMITTED<sup>\u00ae<\/sup><\/strong>\u00a0puede ayudar a los Estudiantes Internacionales a completar sus aplicaciones y obtener admisi\u00f3n a Universidades e Institutos en EE.UU. de su selecci\u00f3n!<\/p>\r\n","protected":false},"excerpt":{"rendered":"<p>Obtenga mayor informaci\u00f3n a continuaci\u00f3n sobre c\u00f3mo\u00a0GET ADMITTED\u00ae\u00a0puede ayudar a los Estudiantes Internacionales a completar sus aplicaciones y obtener admisi\u00f3n a Universidades e Institutos en EE.UU. de su selecci\u00f3n!<\/p>\n","protected":false},"author":1,"featured_media":38,"parent":0,"menu_order":0,"comment_status":"closed","ping_status":"open","template":"","meta":{"footnotes":""},"class_list":["post-2","page","type-page","status-publish","has-post-thumbnail","hentry"],"_links":{"self":[{"href":"https:\/\/getadmitted.us\/esp\/wp-json\/wp\/v2\/pages\/2","targetHints":{"allow":["GET"]}}],"collection":[{"href":"https:\/\/getadmitted.us\/esp\/wp-json\/wp\/v2\/pages"}],"about":[{"href":"https:\/\/getadmitted.us\/esp\/wp-json\/wp\/v2\/types\/page"}],"author":[{"embeddable":true,"href":"https:\/\/getadmitted.us\/esp\/wp-json\/wp\/v2\/users\/1"}],"replies":[{"embeddable":true,"href":"https:\/\/getadmitted.us\/esp\/wp-json\/wp\/v2\/comments?post=2"}],"version-history":[{"count":2,"href":"https:\/\/getadmitted.us\/esp\/wp-json\/wp\/v2\/pages\/2\/revisions"}],"predecessor-version":[{"id":39,"href":"https:\/\/getadmitted.us\/esp\/wp-json\/wp\/v2\/pages\/2\/revisions\/39"}],"wp:featuredmedia":[{"embeddable":true,"href":"https:\/\/getadmitted.us\/esp\/wp-json\/wp\/v2\/media\/38"}],"wp:attachment":[{"href":"https:\/\/getadmitted.us\/esp\/wp-json\/wp\/v2\/media?parent=2"}],"curies":[{"name":"wp","href":"https:\/\/api.w.org\/{rel}","templated":true}]}}