{"id":28,"date":"2017-09-09T16:14:47","date_gmt":"2017-09-09T21:14:47","guid":{"rendered":"http:\/\/getadmitted.us\/esp\/?page_id=28"},"modified":"2023-10-06T08:56:31","modified_gmt":"2023-10-06T13:56:31","slug":"based-in-the-united-states","status":"publish","type":"page","link":"https:\/\/getadmitted.us\/esp\/based-in-the-united-states\/","title":{"rendered":"Basada En Estados Unidos"},"content":{"rendered":"<p><strong>GET ADMITTED\u00ae <\/strong>est\u00e1 basada en los Estados Unidos.  Contamos con muchos a\u00f1os de experiencia de trabajo directo en Comit\u00e9s de Aplicaci\u00f3n y Admisi\u00f3n de Universidades e Institutos de los Estados Unidos, y hemos guiado exitosamente a nuestros clientes a trav\u00e9s de todo el proceso de selecci\u00f3n y Aplicaci\u00f3n en diferentes instituciones educativas de ese pa\u00eds.\n<\/p>\n<p>Ofrecemos un compromiso sin igual a la excelencia en Consejer\u00eda de Aplicaci\u00f3n y Admisi\u00f3n a Universidades e Institutos de los Estados Unidos para Estudiantes Internacionales. Ofrecemos a cada uno de nuestros selectos clientes un servicio de primera calidad, altamente personalizado e individualizado. Trabajamos con una clientela exclusiva que espera un servicio personalizado competente y de alto nivel. Nuestros clientes y sus familias generalmente son profesionales exitosos y sofisticados que requieren y esperan una completa discreci\u00f3n y total privacidad.<\/p>\n","protected":false},"excerpt":{"rendered":"<p>GET ADMITTED\u00ae est\u00e1 basada en los Estados Unidos. Contamos con muchos a\u00f1os de experiencia de trabajo directo en Comit\u00e9s de Aplicaci\u00f3n y Admisi\u00f3n de Universidades e Institutos de los Estados Unidos, y hemos guiado exitosamente a nuestros clientes a trav\u00e9s de todo el proceso de selecci\u00f3n y Aplicaci\u00f3n en diferentes instituciones educativas de ese pa\u00eds. &hellip; <a href=\"https:\/\/getadmitted.us\/esp\/based-in-the-united-states\/\" class=\"more-link\">Continue reading <span class=\"screen-reader-text\">Basada En Estados Unidos<\/span><\/a><\/p>\n","protected":false},"author":1,"featured_media":187,"parent":0,"menu_order":0,"comment_status":"closed","ping_status":"closed","template":"","meta":{"footnotes":""},"acf":[],"_links":{"self":[{"href":"https:\/\/getadmitted.us\/esp\/wp-json\/wp\/v2\/pages\/28"}],"collection":[{"href":"https:\/\/getadmitted.us\/esp\/wp-json\/wp\/v2\/pages"}],"about":[{"href":"https:\/\/getadmitted.us\/esp\/wp-json\/wp\/v2\/types\/page"}],"author":[{"embeddable":true,"href":"https:\/\/getadmitted.us\/esp\/wp-json\/wp\/v2\/users\/1"}],"replies":[{"embeddable":true,"href":"https:\/\/getadmitted.us\/esp\/wp-json\/wp\/v2\/comments?post=28"}],"version-history":[{"count":14,"href":"https:\/\/getadmitted.us\/esp\/wp-json\/wp\/v2\/pages\/28\/revisions"}],"predecessor-version":[{"id":252,"href":"https:\/\/getadmitted.us\/esp\/wp-json\/wp\/v2\/pages\/28\/revisions\/252"}],"wp:featuredmedia":[{"embeddable":true,"href":"https:\/\/getadmitted.us\/esp\/wp-json\/wp\/v2\/media\/187"}],"wp:attachment":[{"href":"https:\/\/getadmitted.us\/esp\/wp-json\/wp\/v2\/media?parent=28"}],"curies":[{"name":"wp","href":"https:\/\/api.w.org\/{rel}","templated":true}]}}