{"id":7,"date":"2026-05-03T16:48:39","date_gmt":"2026-05-03T16:48:39","guid":{"rendered":"https:\/\/getadmitted.us\/esp\/?page_id=7"},"modified":"2026-05-03T17:11:15","modified_gmt":"2026-05-03T17:11:15","slug":"quienes-somos","status":"publish","type":"page","link":"https:\/\/getadmitted.us\/esp\/quienes-somos\/","title":{"rendered":"Quienes Somos"},"content":{"rendered":"<p><img loading=\"lazy\" decoding=\"async\" src=\"https:\/\/getadmitted.us\/esp\/wp-content\/uploads\/2026\/05\/About-Us-1.jpg\" alt=\"\" width=\"351\" height=\"342\" class=\"alignright size-full wp-image-65\" srcset=\"https:\/\/getadmitted.us\/esp\/wp-content\/uploads\/2026\/05\/About-Us-1.jpg 351w, https:\/\/getadmitted.us\/esp\/wp-content\/uploads\/2026\/05\/About-Us-1-300x292.jpg 300w\" sizes=\"auto, (max-width: 351px) 100vw, 351px\" \/>GET ADMITTED\u00ae es una Compa\u00f1\u00eda Norteamericana con sede en los Estados Unidos especializada en Consultor\u00eda sobre el proceso de Aplicaci\u00f3n y Admisi\u00f3n Acad\u00e9mica en Universidades e Institutos de ese pa\u00eds.  Ofrecemos experiencia profesional en admisiones y proporcionamos una consultor\u00eda acad\u00e9mica sofisticada, completa y altamente individualizada a aquellos Estudiantes Internacionales que buscan Admisi\u00f3n en una Universidad o Instituto en los Estados Unidos.<\/p>\n<p>Nuestra Consultor\u00eda de Aplicaci\u00f3n, Admisi\u00f3n y Planeamiento Educativo para Universidades e Institutos en EE.UU. es ofrecida en ingl\u00e9s o en espa\u00f1ol a una exclusiva y selecta clientela de Estudiantes Internacionales (y sus familias) quienes est\u00e1n decididos a incrementar sus ventajas competitivas con la finalidad de ser admitidos y asistir a una Universidad o Instituto en los Estados Unidos.<\/p>\n<p>Trabajamos directamente, uno-a-uno, con Estudiantes Internacionales que actualmente se encuentran cursando estudios de Secundaria y con aquellos que se han graduado recientemente de la Secundaria y est\u00e1n buscando Admisi\u00f3n en una Universidad o Instituto en los Estados Unidos. Tambi\u00e9n trabajamos con aquellos estudiantes que actualmente est\u00e1n asistiendo a la Universidad en sus pa\u00edses, pero desean aplicar para ser admitidos y transferirse a una Universidad o Instituto en los Estados Unidos.<\/p>\n","protected":false},"excerpt":{"rendered":"<p>GET ADMITTED\u00ae es una Compa\u00f1\u00eda Norteamericana con sede en los Estados Unidos especializada en Consultor\u00eda sobre el proceso de Aplicaci\u00f3n y Admisi\u00f3n Acad\u00e9mica en Universidades e Institutos de ese pa\u00eds. Ofrecemos experiencia profesional en admisiones y proporcionamos una consultor\u00eda acad\u00e9mica sofisticada, completa y altamente individualizada a aquellos Estudiantes Internacionales que buscan Admisi\u00f3n en una Universidad &hellip; <a href=\"https:\/\/getadmitted.us\/esp\/quienes-somos\/\" class=\"more-link\">Continue reading <span class=\"screen-reader-text\">Quienes Somos<\/span><\/a><\/p>\n","protected":false},"author":1,"featured_media":0,"parent":0,"menu_order":0,"comment_status":"closed","ping_status":"closed","template":"","meta":{"footnotes":""},"class_list":["post-7","page","type-page","status-publish","hentry"],"_links":{"self":[{"href":"https:\/\/getadmitted.us\/esp\/wp-json\/wp\/v2\/pages\/7","targetHints":{"allow":["GET"]}}],"collection":[{"href":"https:\/\/getadmitted.us\/esp\/wp-json\/wp\/v2\/pages"}],"about":[{"href":"https:\/\/getadmitted.us\/esp\/wp-json\/wp\/v2\/types\/page"}],"author":[{"embeddable":true,"href":"https:\/\/getadmitted.us\/esp\/wp-json\/wp\/v2\/users\/1"}],"replies":[{"embeddable":true,"href":"https:\/\/getadmitted.us\/esp\/wp-json\/wp\/v2\/comments?post=7"}],"version-history":[{"count":2,"href":"https:\/\/getadmitted.us\/esp\/wp-json\/wp\/v2\/pages\/7\/revisions"}],"predecessor-version":[{"id":66,"href":"https:\/\/getadmitted.us\/esp\/wp-json\/wp\/v2\/pages\/7\/revisions\/66"}],"wp:attachment":[{"href":"https:\/\/getadmitted.us\/esp\/wp-json\/wp\/v2\/media?parent=7"}],"curies":[{"name":"wp","href":"https:\/\/api.w.org\/{rel}","templated":true}]}}