{"id":9,"date":"2017-06-09T15:57:33","date_gmt":"2017-06-09T20:57:33","guid":{"rendered":"http:\/\/getadmitted.us\/esp\/?page_id=9"},"modified":"2023-10-06T08:48:40","modified_gmt":"2023-10-06T13:48:40","slug":"estudiantes-internacionales","status":"publish","type":"page","link":"https:\/\/getadmitted.us\/esp\/estudiantes-internacionales\/","title":{"rendered":"Estudiantes Internacionales"},"content":{"rendered":"<h3>Una Educaci\u00f3n En EE.UU. Es Una Inversi\u00f3n<\/h3>\n<p>El obtener una educaci\u00f3n en una Universidad o Instituto en los Estados Unidos es una inversi\u00f3n que te pagar\u00e1 dividendos por el resto de tu vida. Los Estudiantes Internacionales que reciben una educaci\u00f3n en una Universidad o Instituto en los Estados Unidos tienen la oportunidad de obtener mejores trabajos y oportunidades de carreras profesionales, ganar m\u00e1s dinero y desarrollar habilidades y conocimientos que \u00a1nunca nadie les podr\u00e1 quitar!<\/p>\n<p>Muchas veces la parte m\u00e1s dif\u00edcil de planear algo es pensar por donde empezar. <strong>GET ADMITTED\u00ae <\/strong>te ayudar\u00e1 a seleccionar la Universidad o Instituto en los Estados Unidos y la carrera educativa que mejor se ajusten a tus habilidades, necesidades y preferencias. \u00a1Conoce todas tus opciones y lo que puedes hacer para lograrlas!<\/p>\n<h3>Seleccionar La Universidad o Instituto En EE. UU. M\u00e1s Apropiada<\/h3>\n<p>Seleccionar la Universidad o Instituto en los Estados Unidos m\u00e1s apropiados \u2013 \u00bfQu\u00e9 significa eso exactamente?<\/p>\n<p>Seleccionar una Universidad o Instituto en los Estados Unidos no solamente se trata de elegir d\u00f3nde vas a pasar los pr\u00f3ximos dos o cuatro a\u00f1os de tu vida. Tambi\u00e9n se trata de decidir hacia d\u00f3nde quieres dirigir tu vida y cu\u00e1l programa acad\u00e9mico universitario en los Estados Unidos puede ayudarte de la mejor manera a \u00a1alcanzar tus sue\u00f1os y lograr tus metas!<\/p>\n<p>Parte del reto es tratar de decidir cu\u00e1l direcci\u00f3n quieres que tome tu vida. No te preocupes, no tienes que saber exactamente qu\u00e9 carrera acad\u00e9mica quieres obtener por el resto de tu vida \u2013 \u00a1al menos no en este mismo momento! Muchos estudiantes buscan el camino de sus carreras acad\u00e9micas desde el mismo momento cuando comienzan a buscar por primera vez una Universidad o Instituto; o tambi\u00e9n pueden cambiar de idea despu\u00e9s de adquirir nuevos conocimientos y tener nuevas experiencias en la vida. Lo que s\u00ed ayuda es tener una idea sobre las cosas que te gustan y las que no te interesan y sobre lo que te gustar\u00eda ver en tu futuro.<\/p>\n<p>Ahora, hablemos un poco sobre tus Aplicaciones para asistir a una Universidad o Instituto en los Estados Unidos. El aplicar a Universidades o Institutos norteamericanos cuando t\u00fa eres de otro pa\u00eds puede despertar muchos sentimientos y emociones mixtas, tales como estr\u00e9s, ansiedad, frustraci\u00f3n, incertidumbre, preocupaci\u00f3n e impaciencia, pero puede representar al mismo tiempo, un reto y una satisfacci\u00f3n. Estas son solamente algunas de las emociones que sabemos nuestros Estudiantes Internacionales han experimentado a lo largo de su proceso de Aplicaci\u00f3n y Admisi\u00f3n.<\/p>\n<p>La Admisi\u00f3n a una Universidad o Instituto en los Estados Unidos puede ser un proceso muy competitivo, especialmente para los Estudiantes Internacionales. El proceso de Admisi\u00f3n en los Estados Unidos es usualmente muy diferente a lo que t\u00fa probablemente est\u00e1s acostumbrado en tu propio pa\u00eds. \u00a1Pero hay buenas noticias! \u00a1Existen m\u00e1s de 3.500 Universidades e Institutos acreditados en los Estados Unidos a los cuales puedes aplicar! \u00a1Nosotros te ayudaremos a encontrar uno que sea el mejor para ti!<\/p>\n<h3>La Clave Para Una Admisi\u00f3n Exitosa<\/h3>\n<p>Una de las claves para que tu experiencia de Admisi\u00f3n a una Universidad o Instituto en los Estados Unidos sea exitosa, se basa en la oportuna y cuidadosa ejecuci\u00f3n de todos los pasos cr\u00edticos requeridos a trav\u00e9s de todo el proceso de Admisi\u00f3n.<\/p>\n<p>Es esencial que te tomes el tiempo necesario al seleccionar la Universidad o Instituto que mejor corresponda a tus intereses, necesidades, recursos y requerimientos, y te ofrezca las caracter\u00edsticas de los programas acad\u00e9micos que sean importantes para ti.<\/p>\n<p>Los siguientes son apenas algunos de los factores que podr\u00edas querer considerar al seleccionar una instituci\u00f3n. Dichos factores no siguen ning\u00fan orden en particular debido a que \u00a1los intereses y necesidades de cada estudiante son diferentes!<\/p>\n<ul>\n<li><strong>\u00c1rea de Estudio.<\/strong> \u00bfEn qu\u00e9 \u00e1rea o \u00e1reas de estudio est\u00e1s interesado?<\/li>\n<li><strong> Tipo de Instituci\u00f3n.<\/strong> \u00bfLa instituci\u00f3n es p\u00fablica o privada? \u00bfSe trata de un Instituto de Dos-A\u00f1os (Community College)? \u00bfUn Instituto de Estudios Generales de Cuatro-A\u00f1os?, \u00bfUna Universidad?, o \u00bfUna Instituci\u00f3n para Estudiantes de Postgrado?<\/li>\n<li><strong> N\u00famero de Estudiantes.<\/strong> \u00bfCu\u00e1ntos estudiantes est\u00e1n inscritos en los programas en los cuales est\u00e1s interesado?<\/li>\n<li><strong>Ubicaci\u00f3n<\/strong>. \u00bfEn qu\u00e9 regi\u00f3n de los Estados Unidos (Estado, Ciudad o Poblaci\u00f3n) desear\u00edas vivir o estar cerca?<\/li>\n<li><strong>Actividades Estudiantiles.<\/strong> \u00bfExisten organizaciones, programas deportivos, culturales, sociales u otras actividades de tu inter\u00e9s?<\/li>\n<li><strong>Pruebas Requeridas. <\/strong>\u00bfNecesitas tomar el TOEFL?, y de ser as\u00ed, \u00bfcu\u00e1l es el m\u00ednimo puntaje aceptado? \u00bfNecesitas tomar el SAT, SATII o ACT, GRE, GMAT?, y de ser as\u00ed, \u00bfcu\u00e1les son los m\u00ednimos puntajes aceptados?<\/li>\n<li><strong>Costo del Programa. <\/strong>\u00bfCu\u00e1l es el costo anual estimado de la matr\u00edcula, alojamiento y gastos generales para los Estudiantes Internacionales?<\/li>\n<li><strong> Admisi\u00f3n Condicional.<\/strong> \u00bfLa Instituci\u00f3n a la cual deseas asistir puede aceptarte condicionalmente mientras est\u00e1s en el proceso de satisfacer los requerimientos relacionados con las destrezas del idioma ingl\u00e9s?<\/li>\n<li><strong>Fechas L\u00edmites de la Instituci\u00f3n.<\/strong> \u00bfCu\u00e1ndo debe estar lista tu Aplicaci\u00f3n y otros materiales adicionales y en qu\u00e9 fecha deben ser recibidos por la instituci\u00f3n?<\/li>\n<\/ul>\n<p>Por favor no dudes en contactarnos por email al: info@getadmitted.us o llamarnos al: <strong>+ 1 (612) 532-4438.<\/strong> Con gusto podremos conversar contigo (en <strong>ingl\u00e9s o en espa\u00f1ol<\/strong>) sobre c\u00f3mo podemos ayudarte a aumentar significativamente tus oportunidades de admisi\u00f3n en una Universidad o Instituto en los Estados Unidos.<\/p>\n","protected":false},"excerpt":{"rendered":"<p>Una Educaci\u00f3n En EE.UU. Es Una Inversi\u00f3n El obtener una educaci\u00f3n en una Universidad o Instituto en los Estados Unidos es una inversi\u00f3n que te pagar\u00e1 dividendos por el resto de tu vida. Los Estudiantes Internacionales que reciben una educaci\u00f3n en una Universidad o Instituto en los Estados Unidos tienen la oportunidad de obtener mejores &hellip; <a href=\"https:\/\/getadmitted.us\/esp\/estudiantes-internacionales\/\" class=\"more-link\">Continue reading <span class=\"screen-reader-text\">Estudiantes Internacionales<\/span><\/a><\/p>\n","protected":false},"author":1,"featured_media":160,"parent":0,"menu_order":0,"comment_status":"closed","ping_status":"closed","template":"","meta":{"footnotes":""},"acf":[],"_links":{"self":[{"href":"https:\/\/getadmitted.us\/esp\/wp-json\/wp\/v2\/pages\/9"}],"collection":[{"href":"https:\/\/getadmitted.us\/esp\/wp-json\/wp\/v2\/pages"}],"about":[{"href":"https:\/\/getadmitted.us\/esp\/wp-json\/wp\/v2\/types\/page"}],"author":[{"embeddable":true,"href":"https:\/\/getadmitted.us\/esp\/wp-json\/wp\/v2\/users\/1"}],"replies":[{"embeddable":true,"href":"https:\/\/getadmitted.us\/esp\/wp-json\/wp\/v2\/comments?post=9"}],"version-history":[{"count":6,"href":"https:\/\/getadmitted.us\/esp\/wp-json\/wp\/v2\/pages\/9\/revisions"}],"predecessor-version":[{"id":245,"href":"https:\/\/getadmitted.us\/esp\/wp-json\/wp\/v2\/pages\/9\/revisions\/245"}],"wp:featuredmedia":[{"embeddable":true,"href":"https:\/\/getadmitted.us\/esp\/wp-json\/wp\/v2\/media\/160"}],"wp:attachment":[{"href":"https:\/\/getadmitted.us\/esp\/wp-json\/wp\/v2\/media?parent=9"}],"curies":[{"name":"wp","href":"https:\/\/api.w.org\/{rel}","templated":true}]}}